{"id":961,"date":"2023-10-20T01:27:43","date_gmt":"2023-10-20T01:27:43","guid":{"rendered":"https:\/\/aabmaua.org.br\/?page_id=961"},"modified":"2023-12-10T13:54:05","modified_gmt":"2023-12-10T13:54:05","slug":"doacao","status":"publish","type":"page","link":"https:\/\/aabmaua.org.br\/index.php\/doacao\/","title":{"rendered":"Doa\u00e7\u00e3o"},"content":{"rendered":"\t\t<div data-elementor-type=\"wp-page\" data-elementor-id=\"961\" class=\"elementor elementor-961\">\n\t\t\t\t\t\t\t\t\t<section data-particle_enable=\"false\" data-particle-mobile-disabled=\"false\" class=\"elementor-section elementor-top-section elementor-element elementor-element-b06c141 elementor-section-height-min-height elementor-section-boxed elementor-section-height-default elementor-section-items-middle\" data-id=\"b06c141\" data-element_type=\"section\" data-settings=\"{&quot;background_background&quot;:&quot;classic&quot;}\">\n\t\t\t\t\t\t\t<div class=\"elementor-background-overlay\"><\/div>\n\t\t\t\t\t\t\t<div class=\"elementor-container elementor-column-gap-no\">\n\t\t\t\t\t<div class=\"elementor-column elementor-col-100 elementor-top-column elementor-element elementor-element-bc1ec6b\" data-id=\"bc1ec6b\" data-element_type=\"column\">\n\t\t\t<div class=\"elementor-widget-wrap\">\n\t\t\t\t\t\t\t\t\t<\/div>\n\t\t<\/div>\n\t\t\t\t\t\t\t<\/div>\n\t\t<\/section>\n\t\t\t\t<section data-particle_enable=\"false\" data-particle-mobile-disabled=\"false\" class=\"elementor-section elementor-top-section elementor-element elementor-element-4325ca8 elementor-section-boxed elementor-section-height-default elementor-section-height-default\" data-id=\"4325ca8\" data-element_type=\"section\" data-settings=\"{&quot;background_background&quot;:&quot;classic&quot;}\">\n\t\t\t\t\t\t<div class=\"elementor-container elementor-column-gap-no\">\n\t\t\t\t\t<div class=\"elementor-column elementor-col-100 elementor-top-column elementor-element elementor-element-5d610e1\" data-id=\"5d610e1\" data-element_type=\"column\">\n\t\t\t<div class=\"elementor-widget-wrap elementor-element-populated\">\n\t\t\t\t\t\t\t\t<div class=\"elementor-element elementor-element-2897b26 elementor-widget elementor-widget-heading\" data-id=\"2897b26\" data-element_type=\"widget\" data-widget_type=\"heading.default\">\n\t\t\t\t<div class=\"elementor-widget-container\">\n\t\t\t<style>\/*! elementor - v3.16.0 - 17-10-2023 *\/\n.elementor-heading-title{padding:0;margin:0;line-height:1}.elementor-widget-heading .elementor-heading-title[class*=elementor-size-]>a{color:inherit;font-size:inherit;line-height:inherit}.elementor-widget-heading .elementor-heading-title.elementor-size-small{font-size:15px}.elementor-widget-heading .elementor-heading-title.elementor-size-medium{font-size:19px}.elementor-widget-heading .elementor-heading-title.elementor-size-large{font-size:29px}.elementor-widget-heading .elementor-heading-title.elementor-size-xl{font-size:39px}.elementor-widget-heading .elementor-heading-title.elementor-size-xxl{font-size:59px}<\/style><h2 class=\"elementor-heading-title elementor-size-default\">Obrigado pela sua Doa\u00e7\u00e3o !!!\n<\/h2>\t\t<\/div>\n\t\t\t\t<\/div>\n\t\t\t\t<div class=\"elementor-element elementor-element-52a3a24 elementor-widget-divider--view-line elementor-widget elementor-widget-divider\" data-id=\"52a3a24\" data-element_type=\"widget\" data-widget_type=\"divider.default\">\n\t\t\t\t<div class=\"elementor-widget-container\">\n\t\t\t<style>\/*! elementor - v3.16.0 - 17-10-2023 *\/\n.elementor-widget-divider{--divider-border-style:none;--divider-border-width:1px;--divider-color:#0c0d0e;--divider-icon-size:20px;--divider-element-spacing:10px;--divider-pattern-height:24px;--divider-pattern-size:20px;--divider-pattern-url:none;--divider-pattern-repeat:repeat-x}.elementor-widget-divider .elementor-divider{display:flex}.elementor-widget-divider .elementor-divider__text{font-size:15px;line-height:1;max-width:95%}.elementor-widget-divider .elementor-divider__element{margin:0 var(--divider-element-spacing);flex-shrink:0}.elementor-widget-divider .elementor-icon{font-size:var(--divider-icon-size)}.elementor-widget-divider .elementor-divider-separator{display:flex;margin:0;direction:ltr}.elementor-widget-divider--view-line_icon .elementor-divider-separator,.elementor-widget-divider--view-line_text .elementor-divider-separator{align-items:center}.elementor-widget-divider--view-line_icon .elementor-divider-separator:after,.elementor-widget-divider--view-line_icon .elementor-divider-separator:before,.elementor-widget-divider--view-line_text .elementor-divider-separator:after,.elementor-widget-divider--view-line_text .elementor-divider-separator:before{display:block;content:\"\";border-bottom:0;flex-grow:1;border-top:var(--divider-border-width) var(--divider-border-style) var(--divider-color)}.elementor-widget-divider--element-align-left .elementor-divider .elementor-divider-separator>.elementor-divider__svg:first-of-type{flex-grow:0;flex-shrink:100}.elementor-widget-divider--element-align-left .elementor-divider-separator:before{content:none}.elementor-widget-divider--element-align-left .elementor-divider__element{margin-left:0}.elementor-widget-divider--element-align-right .elementor-divider .elementor-divider-separator>.elementor-divider__svg:last-of-type{flex-grow:0;flex-shrink:100}.elementor-widget-divider--element-align-right .elementor-divider-separator:after{content:none}.elementor-widget-divider--element-align-right .elementor-divider__element{margin-right:0}.elementor-widget-divider:not(.elementor-widget-divider--view-line_text):not(.elementor-widget-divider--view-line_icon) .elementor-divider-separator{border-top:var(--divider-border-width) var(--divider-border-style) var(--divider-color)}.elementor-widget-divider--separator-type-pattern{--divider-border-style:none}.elementor-widget-divider--separator-type-pattern.elementor-widget-divider--view-line .elementor-divider-separator,.elementor-widget-divider--separator-type-pattern:not(.elementor-widget-divider--view-line) .elementor-divider-separator:after,.elementor-widget-divider--separator-type-pattern:not(.elementor-widget-divider--view-line) .elementor-divider-separator:before,.elementor-widget-divider--separator-type-pattern:not([class*=elementor-widget-divider--view]) .elementor-divider-separator{width:100%;min-height:var(--divider-pattern-height);-webkit-mask-size:var(--divider-pattern-size) 100%;mask-size:var(--divider-pattern-size) 100%;-webkit-mask-repeat:var(--divider-pattern-repeat);mask-repeat:var(--divider-pattern-repeat);background-color:var(--divider-color);-webkit-mask-image:var(--divider-pattern-url);mask-image:var(--divider-pattern-url)}.elementor-widget-divider--no-spacing{--divider-pattern-size:auto}.elementor-widget-divider--bg-round{--divider-pattern-repeat:round}.rtl .elementor-widget-divider .elementor-divider__text{direction:rtl}.e-con-inner>.elementor-widget-divider,.e-con>.elementor-widget-divider{width:var(--container-widget-width,100%);--flex-grow:var(--container-widget-flex-grow)}<\/style>\t\t<div class=\"elementor-divider\">\n\t\t\t<span class=\"elementor-divider-separator\">\n\t\t\t\t\t\t<\/span>\n\t\t<\/div>\n\t\t\t\t<\/div>\n\t\t\t\t<\/div>\n\t\t\t\t<div class=\"elementor-element elementor-element-fcae4f0 elementor-widget__width-initial elementor-widget elementor-widget-heading\" data-id=\"fcae4f0\" data-element_type=\"widget\" data-widget_type=\"heading.default\">\n\t\t\t\t<div class=\"elementor-widget-container\">\n\t\t\t<h5 class=\"elementor-heading-title elementor-size-default\">Ficamos imensamente agradecidos a sua doa\u00e7\u00e3o ajudar\u00e1 a financiar nossos projetos e melhorar a vida de muitas crian\u00e7as e adolescentes\n<\/h5>\t\t<\/div>\n\t\t\t\t<\/div>\n\t\t\t\t\t<\/div>\n\t\t<\/div>\n\t\t\t\t\t\t\t<\/div>\n\t\t<\/section>\n\t\t<div data-particle_enable=\"false\" data-particle-mobile-disabled=\"false\" class=\"elementor-element elementor-element-991fb22 e-flex e-con-boxed e-con e-parent\" data-id=\"991fb22\" data-element_type=\"container\" data-settings=\"{&quot;container_type&quot;:&quot;flex&quot;,&quot;content_width&quot;:&quot;boxed&quot;}\" data-core-v316-plus=\"true\">\n\t\t\t\t\t<div class=\"e-con-inner\">\n\t\t<div data-particle_enable=\"false\" data-particle-mobile-disabled=\"false\" class=\"elementor-element elementor-element-cfd4959 e-flex e-con-boxed e-con e-child\" data-id=\"cfd4959\" data-element_type=\"container\" data-settings=\"{&quot;background_background&quot;:&quot;classic&quot;,&quot;container_type&quot;:&quot;flex&quot;,&quot;content_width&quot;:&quot;boxed&quot;}\">\n\t\t\t\t\t<div class=\"e-con-inner\">\n\t\t\t\t<div class=\"elementor-element elementor-element-a71cea2 elementor-widget elementor-widget-heading\" data-id=\"a71cea2\" data-element_type=\"widget\" data-widget_type=\"heading.default\">\n\t\t\t\t<div class=\"elementor-widget-container\">\n\t\t\t<h2 class=\"elementor-heading-title elementor-size-default\">Fa\u00e7a aqui sua doa\u00e7\u00e3o<\/h2>\t\t<\/div>\n\t\t\t\t<\/div>\n\t\t\t\t<div class=\"elementor-element elementor-element-1f427f1 elementor-widget elementor-widget-heading\" data-id=\"1f427f1\" data-element_type=\"widget\" data-widget_type=\"heading.default\">\n\t\t\t\t<div class=\"elementor-widget-container\">\n\t\t\t<h5 class=\"elementor-heading-title elementor-size-default\">Ajude-nos a manter nossos projetos<\/h5>\t\t<\/div>\n\t\t\t\t<\/div>\n\t\t\t\t<div class=\"elementor-element elementor-element-aaccaba elementor-view-default elementor-position-top elementor-mobile-position-top elementor-widget elementor-widget-icon-box\" data-id=\"aaccaba\" data-element_type=\"widget\" data-widget_type=\"icon-box.default\">\n\t\t\t\t<div class=\"elementor-widget-container\">\n\t\t\t<link rel=\"stylesheet\" href=\"https:\/\/aabmaua.org.br\/wp-content\/plugins\/elementor\/assets\/css\/widget-icon-box.min.css\">\t\t<div class=\"elementor-icon-box-wrapper\">\n\t\t\t\t\t\t<div class=\"elementor-icon-box-icon\">\n\t\t\t\t<span  class=\"elementor-icon elementor-animation-\">\n\t\t\t\t<i aria-hidden=\"true\" class=\"fas fa-check-circle\"><\/i>\t\t\t\t<\/span>\n\t\t\t<\/div>\n\t\t\t\t\t\t<div class=\"elementor-icon-box-content\">\n\t\t\t\t<h3 class=\"elementor-icon-box-title\">\n\t\t\t\t\t<span  >\n\t\t\t\t\t\tA\u00c7\u00c3O SOCIAL NA ESCOLA MUNICIPAL CORA CORALINA\t\t\t\t\t<\/span>\n\t\t\t\t<\/h3>\n\t\t\t\t\t\t\t\t\t<p class=\"elementor-icon-box-description\">\n\t\t\t\t\t\tForam oferecidas 05 modalidades esportivas (basquete, atletismo, gin\u00e1stica art\u00edstica, trampolim acrob\u00e1tico e v\u00f4lei) em formato de rod\u00edzio, com material adaptado \u00e0 idade dos participantes.\t\t\t\t\t<\/p>\n\t\t\t\t\t\t\t<\/div>\n\t\t<\/div>\n\t\t\t\t<\/div>\n\t\t\t\t<\/div>\n\t\t\t\t<div class=\"elementor-element elementor-element-1bea402 elementor-view-default elementor-position-top elementor-mobile-position-top elementor-widget elementor-widget-icon-box\" data-id=\"1bea402\" data-element_type=\"widget\" data-widget_type=\"icon-box.default\">\n\t\t\t\t<div class=\"elementor-widget-container\">\n\t\t\t\t\t<div class=\"elementor-icon-box-wrapper\">\n\t\t\t\t\t\t<div class=\"elementor-icon-box-icon\">\n\t\t\t\t<span  class=\"elementor-icon elementor-animation-\">\n\t\t\t\t<i aria-hidden=\"true\" class=\"fas fa-check-circle\"><\/i>\t\t\t\t<\/span>\n\t\t\t<\/div>\n\t\t\t\t\t\t<div class=\"elementor-icon-box-content\">\n\t\t\t\t<h4 class=\"elementor-icon-box-title\">\n\t\t\t\t\t<span  >\n\t\t\t\t\t\tAlimento solid\u00e1rio\t\t\t\t\t<\/span>\n\t\t\t\t<\/h4>\n\t\t\t\t\t\t\t\t\t<p class=\"elementor-icon-box-description\">\n\t\t\t\t\t\tAcreditamos que \u00e9 por meio de a\u00e7\u00f5es coletivas, envolvimento da comunidade e parcerias comprometidas que podemos transformar vidas e oferecer um raio de esperan\u00e7a para aqueles que enfrentam dificuldades. Nossa \u201cAlimento Solid\u00e1rio\u201d n\u00e3o apenas alimenta o corpo, mas tamb\u00e9m nutre o esp\u00edrito, proporcionando um senso de cuidado, acolhimento e apoio em tempos de incerteza.\t\t\t\t\t<\/p>\n\t\t\t\t\t\t\t<\/div>\n\t\t<\/div>\n\t\t\t\t<\/div>\n\t\t\t\t<\/div>\n\t\t\t\t<div class=\"elementor-element elementor-element-7bfa2a6 elementor-view-default elementor-position-top elementor-mobile-position-top elementor-widget elementor-widget-icon-box\" data-id=\"7bfa2a6\" data-element_type=\"widget\" data-widget_type=\"icon-box.default\">\n\t\t\t\t<div class=\"elementor-widget-container\">\n\t\t\t\t\t<div class=\"elementor-icon-box-wrapper\">\n\t\t\t\t\t\t<div class=\"elementor-icon-box-icon\">\n\t\t\t\t<span  class=\"elementor-icon elementor-animation-\">\n\t\t\t\t<i aria-hidden=\"true\" class=\"fas fa-check-circle\"><\/i>\t\t\t\t<\/span>\n\t\t\t<\/div>\n\t\t\t\t\t\t<div class=\"elementor-icon-box-content\">\n\t\t\t\t<h4 class=\"elementor-icon-box-title\">\n\t\t\t\t\t<span  >\n\t\t\t\t\t\tEscola de percuss\u00e3o\t\t\t\t\t<\/span>\n\t\t\t\t<\/h4>\n\t\t\t\t\t\t\t\t\t<p class=\"elementor-icon-box-description\">\n\t\t\t\t\t\tA \u201cEscola de Percuss\u00e3o\u201d foi implementada aos s\u00e1bados, com a valiosa contribui\u00e7\u00e3o do mestre de bateria Paulo Zenke, que tamb\u00e9m exerce a fun\u00e7\u00e3o de presidente da associa\u00e7\u00e3o. Neste projeto, foram oferecidas aulas gratuitas para aproximadamente 50 crian\u00e7as da comunidade. A escola proporcionou aos jovens participantes uma oportunidade \u00fanica de aprender e aprimorar suas habilidades musicais, bem como promoveu o fortalecimento dos la\u00e7os comunit\u00e1rios por meio da m\u00fasica e da cultura. Al\u00e9m disso, a iniciativa contou com o apoio entusiasta de volunt\u00e1rios locais que se uniram para enriquecer ainda mais a experi\u00eancia dos alunos, tornando a \u201cEscola de Percuss\u00e3o\u201d um verdadeiro sucesso na comunidade.\t\t\t\t\t<\/p>\n\t\t\t\t\t\t\t<\/div>\n\t\t<\/div>\n\t\t\t\t<\/div>\n\t\t\t\t<\/div>\n\t\t\t\t<div class=\"elementor-element elementor-element-790622a elementor-widget__width-initial e-transform elementor-widget elementor-widget-html\" data-id=\"790622a\" data-element_type=\"widget\" data-settings=\"{&quot;_transform_scale_effect&quot;:{&quot;unit&quot;:&quot;px&quot;,&quot;size&quot;:1,&quot;sizes&quot;:[]},&quot;_transform_scale_effect_tablet&quot;:{&quot;unit&quot;:&quot;px&quot;,&quot;size&quot;:&quot;&quot;,&quot;sizes&quot;:[]},&quot;_transform_scale_effect_mobile&quot;:{&quot;unit&quot;:&quot;px&quot;,&quot;size&quot;:&quot;&quot;,&quot;sizes&quot;:[]}}\" data-widget_type=\"html.default\">\n\t\t\t\t<div class=\"elementor-widget-container\">\n\t\t\t<!-- INICIO FORMULARIO BOTAO PAGSEGURO -->\n<form action=\"https:\/\/pagseguro.uol.com.br\/checkout\/v2\/donation.html\" method=\"post\">\n<!-- N\u00c3O EDITE OS COMANDOS DAS LINHAS ABAIXO -->\n<input type=\"hidden\" name=\"currency\" value=\"BRL\" \/>\n<input type=\"hidden\" name=\"receiverEmail\" value=\"aabmaua@gmail.com\" \/>\n<input type=\"hidden\" name=\"iot\" value=\"button\" \/>\n<input class=\"btnbtn\" type=\"image\" src=\"https:\/\/aabmaua.org.br\/wp-content\/uploads\/2023\/10\/WhatsApp_Image_2023-10-19_at_21.43.50__2_-removebg-preview.png\" name=\"submit\" alt=\"Pague com PagBank - \u00e9 r\u00e1pido, gr\u00e1tis e seguro!\" \/>\n<\/form>\n<!-- FINAL FORMULARIO BOTAO\u00a0PAGSEGURO\u00a0-->\t\t<\/div>\n\t\t\t\t<\/div>\n\t\t\t\t\t<\/div>\n\t\t\t\t<\/div>\n\t\t\t\t\t<\/div>\n\t\t\t\t<\/div>\n\t\t\t\t<section data-particle_enable=\"false\" data-particle-mobile-disabled=\"false\" class=\"elementor-section elementor-top-section elementor-element elementor-element-c4fba2a elementor-section-boxed elementor-section-height-default elementor-section-height-default\" data-id=\"c4fba2a\" data-element_type=\"section\" data-settings=\"{&quot;background_background&quot;:&quot;classic&quot;}\">\n\t\t\t\t\t\t<div class=\"elementor-container elementor-column-gap-no\">\n\t\t\t\t\t<div class=\"elementor-column elementor-col-100 elementor-top-column elementor-element elementor-element-4eec22e\" data-id=\"4eec22e\" data-element_type=\"column\">\n\t\t\t<div class=\"elementor-widget-wrap\">\n\t\t\t\t\t\t\t\t\t<\/div>\n\t\t<\/div>\n\t\t\t\t\t\t\t<\/div>\n\t\t<\/section>\n\t\t\t\t\t\t\t<\/div>\n\t\t","protected":false},"excerpt":{"rendered":"<p>Obrigado pela sua Doa\u00e7\u00e3o !!! Ficamos imensamente agradecidos a sua doa\u00e7\u00e3o ajudar\u00e1 a financiar nossos projetos e melhorar a vida de muitas crian\u00e7as e adolescentes Fa\u00e7a aqui sua doa\u00e7\u00e3o Ajude-nos a manter nossos projetos A\u00c7\u00c3O SOCIAL NA ESCOLA MUNICIPAL CORA CORALINA Foram oferecidas 05 modalidades esportivas (basquete, atletismo, gin\u00e1stica art\u00edstica, trampolim acrob\u00e1tico e v\u00f4lei) em &hellip;<\/p>\n<p class=\"read-more\"> <a class=\"\" href=\"https:\/\/aabmaua.org.br\/index.php\/doacao\/\"> <span class=\"screen-reader-text\">Doa\u00e7\u00e3o<\/span> Leia mais &raquo;<\/a><\/p>\n","protected":false},"author":1,"featured_media":0,"parent":0,"menu_order":0,"comment_status":"closed","ping_status":"closed","template":"","meta":{"site-sidebar-layout":"no-sidebar","site-content-layout":"page-builder","ast-global-header-display":"","ast-banner-title-visibility":"","ast-main-header-display":"","ast-hfb-above-header-display":"","ast-hfb-below-header-display":"","ast-hfb-mobile-header-display":"","site-post-title":"disabled","ast-breadcrumbs-content":"disabled","ast-featured-img":"disabled","footer-sml-layout":"","theme-transparent-header-meta":"enabled","adv-header-id-meta":"","stick-header-meta":"","header-above-stick-meta":"","header-main-stick-meta":"","header-below-stick-meta":"","footnotes":""},"yoast_head":"<!-- This site is optimized with the Yoast SEO Premium plugin v21.5 (Yoast SEO v21.5) - https:\/\/yoast.com\/wordpress\/plugins\/seo\/ -->\n<title>Doa\u00e7\u00e3o - AAB<\/title>\n<meta name=\"robots\" content=\"index, follow, max-snippet:-1, max-image-preview:large, max-video-preview:-1\" \/>\n<link rel=\"canonical\" href=\"https:\/\/aabmaua.org.br\/index.php\/doacao\/\" \/>\n<meta property=\"og:locale\" content=\"pt_BR\" \/>\n<meta property=\"og:type\" content=\"article\" \/>\n<meta property=\"og:title\" content=\"Doa\u00e7\u00e3o\" \/>\n<meta property=\"og:description\" content=\"Obrigado pela sua Doa\u00e7\u00e3o !!! Ficamos imensamente agradecidos a sua doa\u00e7\u00e3o ajudar\u00e1 a financiar nossos projetos e melhorar a vida de muitas crian\u00e7as e adolescentes Fa\u00e7a aqui sua doa\u00e7\u00e3o Ajude-nos a manter nossos projetos A\u00c7\u00c3O SOCIAL NA ESCOLA MUNICIPAL CORA CORALINA Foram oferecidas 05 modalidades esportivas (basquete, atletismo, gin\u00e1stica art\u00edstica, trampolim acrob\u00e1tico e v\u00f4lei) em &hellip; Doa\u00e7\u00e3o Leia mais &raquo;\" \/>\n<meta property=\"og:url\" content=\"https:\/\/aabmaua.org.br\/index.php\/doacao\/\" \/>\n<meta property=\"og:site_name\" content=\"AAB\" \/>\n<meta property=\"article:publisher\" content=\"https:\/\/www.facebook.com\/profile.php?id=100081465357778\" \/>\n<meta property=\"article:modified_time\" content=\"2023-12-10T13:54:05+00:00\" \/>\n<meta name=\"twitter:card\" content=\"summary_large_image\" \/>\n<meta name=\"twitter:label1\" content=\"Est. tempo de leitura\" \/>\n\t<meta name=\"twitter:data1\" content=\"2 minutos\" \/>\n<script type=\"application\/ld+json\" class=\"yoast-schema-graph\">{\"@context\":\"https:\/\/schema.org\",\"@graph\":[{\"@type\":\"WebPage\",\"@id\":\"https:\/\/aabmaua.org.br\/index.php\/doacao\/\",\"url\":\"https:\/\/aabmaua.org.br\/index.php\/doacao\/\",\"name\":\"Doa\u00e7\u00e3o - AAB\",\"isPartOf\":{\"@id\":\"https:\/\/aabmaua.org.br\/#website\"},\"datePublished\":\"2023-10-20T01:27:43+00:00\",\"dateModified\":\"2023-12-10T13:54:05+00:00\",\"breadcrumb\":{\"@id\":\"https:\/\/aabmaua.org.br\/index.php\/doacao\/#breadcrumb\"},\"inLanguage\":\"pt-BR\",\"potentialAction\":[{\"@type\":\"ReadAction\",\"target\":[\"https:\/\/aabmaua.org.br\/index.php\/doacao\/\"]}]},{\"@type\":\"BreadcrumbList\",\"@id\":\"https:\/\/aabmaua.org.br\/index.php\/doacao\/#breadcrumb\",\"itemListElement\":[{\"@type\":\"ListItem\",\"position\":1,\"name\":\"In\u00edcio\",\"item\":\"https:\/\/aabmaua.org.br\/\"},{\"@type\":\"ListItem\",\"position\":2,\"name\":\"Doa\u00e7\u00e3o\"}]},{\"@type\":\"WebSite\",\"@id\":\"https:\/\/aabmaua.org.br\/#website\",\"url\":\"https:\/\/aabmaua.org.br\/\",\"name\":\"AAB\",\"description\":\"Associa\u00e7\u00e3o Amigos  Bom recanto\",\"publisher\":{\"@id\":\"https:\/\/aabmaua.org.br\/#organization\"},\"potentialAction\":[{\"@type\":\"SearchAction\",\"target\":{\"@type\":\"EntryPoint\",\"urlTemplate\":\"https:\/\/aabmaua.org.br\/?s={search_term_string}\"},\"query-input\":\"required name=search_term_string\"}],\"inLanguage\":\"pt-BR\"},{\"@type\":\"Organization\",\"@id\":\"https:\/\/aabmaua.org.br\/#organization\",\"name\":\"AAB\",\"url\":\"https:\/\/aabmaua.org.br\/\",\"logo\":{\"@type\":\"ImageObject\",\"inLanguage\":\"pt-BR\",\"@id\":\"https:\/\/aabmaua.org.br\/#\/schema\/logo\/image\/\",\"url\":\"https:\/\/aabmaua.org.br\/wp-content\/uploads\/2023\/08\/cropped-aab_logo-removebg-preview.png\",\"contentUrl\":\"https:\/\/aabmaua.org.br\/wp-content\/uploads\/2023\/08\/cropped-aab_logo-removebg-preview.png\",\"width\":392,\"height\":393,\"caption\":\"AAB\"},\"image\":{\"@id\":\"https:\/\/aabmaua.org.br\/#\/schema\/logo\/image\/\"},\"sameAs\":[\"https:\/\/www.facebook.com\/profile.php?id=100081465357778\"]}]}<\/script>\n<!-- \/ Yoast SEO Premium plugin. -->","yoast_head_json":{"title":"Doa\u00e7\u00e3o - AAB","robots":{"index":"index","follow":"follow","max-snippet":"max-snippet:-1","max-image-preview":"max-image-preview:large","max-video-preview":"max-video-preview:-1"},"canonical":"https:\/\/aabmaua.org.br\/index.php\/doacao\/","og_locale":"pt_BR","og_type":"article","og_title":"Doa\u00e7\u00e3o","og_description":"Obrigado pela sua Doa\u00e7\u00e3o !!! Ficamos imensamente agradecidos a sua doa\u00e7\u00e3o ajudar\u00e1 a financiar nossos projetos e melhorar a vida de muitas crian\u00e7as e adolescentes Fa\u00e7a aqui sua doa\u00e7\u00e3o Ajude-nos a manter nossos projetos A\u00c7\u00c3O SOCIAL NA ESCOLA MUNICIPAL CORA CORALINA Foram oferecidas 05 modalidades esportivas (basquete, atletismo, gin\u00e1stica art\u00edstica, trampolim acrob\u00e1tico e v\u00f4lei) em &hellip; Doa\u00e7\u00e3o Leia mais &raquo;","og_url":"https:\/\/aabmaua.org.br\/index.php\/doacao\/","og_site_name":"AAB","article_publisher":"https:\/\/www.facebook.com\/profile.php?id=100081465357778","article_modified_time":"2023-12-10T13:54:05+00:00","twitter_card":"summary_large_image","twitter_misc":{"Est. tempo de leitura":"2 minutos"},"schema":{"@context":"https:\/\/schema.org","@graph":[{"@type":"WebPage","@id":"https:\/\/aabmaua.org.br\/index.php\/doacao\/","url":"https:\/\/aabmaua.org.br\/index.php\/doacao\/","name":"Doa\u00e7\u00e3o - AAB","isPartOf":{"@id":"https:\/\/aabmaua.org.br\/#website"},"datePublished":"2023-10-20T01:27:43+00:00","dateModified":"2023-12-10T13:54:05+00:00","breadcrumb":{"@id":"https:\/\/aabmaua.org.br\/index.php\/doacao\/#breadcrumb"},"inLanguage":"pt-BR","potentialAction":[{"@type":"ReadAction","target":["https:\/\/aabmaua.org.br\/index.php\/doacao\/"]}]},{"@type":"BreadcrumbList","@id":"https:\/\/aabmaua.org.br\/index.php\/doacao\/#breadcrumb","itemListElement":[{"@type":"ListItem","position":1,"name":"In\u00edcio","item":"https:\/\/aabmaua.org.br\/"},{"@type":"ListItem","position":2,"name":"Doa\u00e7\u00e3o"}]},{"@type":"WebSite","@id":"https:\/\/aabmaua.org.br\/#website","url":"https:\/\/aabmaua.org.br\/","name":"AAB","description":"Associa\u00e7\u00e3o Amigos  Bom recanto","publisher":{"@id":"https:\/\/aabmaua.org.br\/#organization"},"potentialAction":[{"@type":"SearchAction","target":{"@type":"EntryPoint","urlTemplate":"https:\/\/aabmaua.org.br\/?s={search_term_string}"},"query-input":"required name=search_term_string"}],"inLanguage":"pt-BR"},{"@type":"Organization","@id":"https:\/\/aabmaua.org.br\/#organization","name":"AAB","url":"https:\/\/aabmaua.org.br\/","logo":{"@type":"ImageObject","inLanguage":"pt-BR","@id":"https:\/\/aabmaua.org.br\/#\/schema\/logo\/image\/","url":"https:\/\/aabmaua.org.br\/wp-content\/uploads\/2023\/08\/cropped-aab_logo-removebg-preview.png","contentUrl":"https:\/\/aabmaua.org.br\/wp-content\/uploads\/2023\/08\/cropped-aab_logo-removebg-preview.png","width":392,"height":393,"caption":"AAB"},"image":{"@id":"https:\/\/aabmaua.org.br\/#\/schema\/logo\/image\/"},"sameAs":["https:\/\/www.facebook.com\/profile.php?id=100081465357778"]}]}},"_links":{"self":[{"href":"https:\/\/aabmaua.org.br\/index.php\/wp-json\/wp\/v2\/pages\/961"}],"collection":[{"href":"https:\/\/aabmaua.org.br\/index.php\/wp-json\/wp\/v2\/pages"}],"about":[{"href":"https:\/\/aabmaua.org.br\/index.php\/wp-json\/wp\/v2\/types\/page"}],"author":[{"embeddable":true,"href":"https:\/\/aabmaua.org.br\/index.php\/wp-json\/wp\/v2\/users\/1"}],"replies":[{"embeddable":true,"href":"https:\/\/aabmaua.org.br\/index.php\/wp-json\/wp\/v2\/comments?post=961"}],"version-history":[{"count":19,"href":"https:\/\/aabmaua.org.br\/index.php\/wp-json\/wp\/v2\/pages\/961\/revisions"}],"predecessor-version":[{"id":1105,"href":"https:\/\/aabmaua.org.br\/index.php\/wp-json\/wp\/v2\/pages\/961\/revisions\/1105"}],"wp:attachment":[{"href":"https:\/\/aabmaua.org.br\/index.php\/wp-json\/wp\/v2\/media?parent=961"}],"curies":[{"name":"wp","href":"https:\/\/api.w.org\/{rel}","templated":true}]}}